{"id":21,"date":"2024-03-23T12:56:27","date_gmt":"2024-03-23T11:56:27","guid":{"rendered":"http:\/\/toltorp.se\/?page_id=21"},"modified":"2024-09-02T06:07:03","modified_gmt":"2024-09-02T06:07:03","slug":"hjartstartare","status":"publish","type":"page","link":"https:\/\/toltorp.se\/?page_id=21","title":{"rendered":"Hj\u00e4rtstartare"},"content":{"rendered":"\n<p>En hj\u00e4rtstartare finns uppsatt p\u00e5 knuten till sidobyggnaden p\u00e5 Turesta, bel\u00e4gen utmed landsv\u00e4gen som g\u00e5r genom Toltorp (<a href=\"https:\/\/maps.app.goo.gl\/pcy6KDPPVRzpQLn88\">karta<\/a>). Hj\u00e4rtstartaren tillh\u00f6r g\u00e5rden men \u00e4r registrerad i <a href=\"https:\/\/www.hjartstartarregistret.se\/?gad_source=1&amp;gclid=Cj0KCQjw-_mvBhDwARIsAA-Q0Q68Edwl5g10JbZa9L_uVHdk6DawdtrovEuXJVVzEpM976BWYbJKWiMaAmN1EALw_wcB#\/86910\/\">Hj\u00e4rtstartarregistret<\/a> och naturligtvis fri att anv\u00e4nda vid en n\u00f6dsituation i n\u00e4romr\u00e5det.<\/p>\n\n\n\n<p>G\u00e5 in p\u00e5 uppfarten framf\u00f6r bostadshuset.<\/p>\n\n\n\n<figure class=\"wp-block-image size-full\"><img loading=\"lazy\" decoding=\"async\" width=\"640\" height=\"360\" src=\"https:\/\/toltorp.se\/wp-content\/uploads\/2024\/09\/Unknown.jpeg\" alt=\"\" class=\"wp-image-126\" srcset=\"https:\/\/toltorp.se\/wp-content\/uploads\/2024\/09\/Unknown.jpeg 640w, https:\/\/toltorp.se\/wp-content\/uploads\/2024\/09\/Unknown-300x169.jpeg 300w\" sizes=\"auto, (max-width: 640px) 100vw, 640px\" \/><\/figure>\n\n\n\n<p>Hj\u00e4rtstartaren sitter sidobyggnaden, p\u00e5 knuten som vetter mot landsv\u00e4gen.<\/p>\n\n\n\n<figure class=\"wp-block-image size-full\"><img loading=\"lazy\" decoding=\"async\" width=\"640\" height=\"360\" src=\"https:\/\/toltorp.se\/wp-content\/uploads\/2024\/09\/Unknown-1.jpeg\" alt=\"\" class=\"wp-image-127\" srcset=\"https:\/\/toltorp.se\/wp-content\/uploads\/2024\/09\/Unknown-1.jpeg 640w, https:\/\/toltorp.se\/wp-content\/uploads\/2024\/09\/Unknown-1-300x169.jpeg 300w\" sizes=\"auto, (max-width: 640px) 100vw, 640px\" \/><\/figure>\n\n\n\n<p>Sk\u00e5pet \u00e4r plomberat och larmat. Vid n\u00f6dl\u00e4ge, slit av plomberingen och ignorera larmet. <\/p>\n\n\n\n<p>\u00c5terl\u00e4mna hj\u00e4rtstartaren s\u00e5 snart som m\u00f6jligt.<\/p>\n\n\n\n<p><\/p>\n","protected":false},"excerpt":{"rendered":"<p>En hj\u00e4rtstartare finns uppsatt p\u00e5 knuten till sidobyggnaden p\u00e5 Turesta, bel\u00e4gen utmed landsv\u00e4gen som g\u00e5r genom Toltorp (karta). Hj\u00e4rtstartaren tillh\u00f6r g\u00e5rden men \u00e4r registrerad i Hj\u00e4rtstartarregistret och naturligtvis fri att anv\u00e4nda vid en n\u00f6dsituation i n\u00e4romr\u00e5det. G\u00e5 in p\u00e5 uppfarten framf\u00f6r bostadshuset. Hj\u00e4rtstartaren sitter sidobyggnaden, p\u00e5 knuten som vetter mot landsv\u00e4gen. Sk\u00e5pet \u00e4r plomberat och [&hellip;]<\/p>\n","protected":false},"author":1,"featured_media":0,"parent":0,"menu_order":0,"comment_status":"closed","ping_status":"closed","template":"","meta":{"footnotes":""},"class_list":["post-21","page","type-page","status-publish","hentry"],"_links":{"self":[{"href":"https:\/\/toltorp.se\/index.php?rest_route=\/wp\/v2\/pages\/21","targetHints":{"allow":["GET"]}}],"collection":[{"href":"https:\/\/toltorp.se\/index.php?rest_route=\/wp\/v2\/pages"}],"about":[{"href":"https:\/\/toltorp.se\/index.php?rest_route=\/wp\/v2\/types\/page"}],"author":[{"embeddable":true,"href":"https:\/\/toltorp.se\/index.php?rest_route=\/wp\/v2\/users\/1"}],"replies":[{"embeddable":true,"href":"https:\/\/toltorp.se\/index.php?rest_route=%2Fwp%2Fv2%2Fcomments&post=21"}],"version-history":[{"count":1,"href":"https:\/\/toltorp.se\/index.php?rest_route=\/wp\/v2\/pages\/21\/revisions"}],"predecessor-version":[{"id":128,"href":"https:\/\/toltorp.se\/index.php?rest_route=\/wp\/v2\/pages\/21\/revisions\/128"}],"wp:attachment":[{"href":"https:\/\/toltorp.se\/index.php?rest_route=%2Fwp%2Fv2%2Fmedia&parent=21"}],"curies":[{"name":"wp","href":"https:\/\/api.w.org\/{rel}","templated":true}]}}