{"id":13,"date":"2024-03-23T12:47:12","date_gmt":"2024-03-23T11:47:12","guid":{"rendered":"http:\/\/toltorp.se\/?page_id=13"},"modified":"2024-09-02T06:05:56","modified_gmt":"2024-09-02T06:05:56","slug":"valkommen-till-toltorp","status":"publish","type":"page","link":"https:\/\/toltorp.se\/","title":{"rendered":"V\u00e4lkommen till Toltorp"},"content":{"rendered":"\n<div class=\"wp-block-cover alignfull is-light has-custom-content-position is-position-top-center\"><span aria-hidden=\"true\" class=\"wp-block-cover__background has-background-dim-0 has-background-dim\" style=\"background-color:#FFF\"><\/span><video class=\"wp-block-cover__video-background intrinsic-ignore\" autoplay muted loop playsinline src=\"https:\/\/toltorp.se\/wp-content\/uploads\/2024\/09\/toltorp.mp4\" data-object-fit=\"cover\"><\/video><div class=\"wp-block-cover__inner-container is-layout-flow wp-block-cover-is-layout-flow\">\n<p class=\"has-text-align-center has-large-font-size\"><\/p>\n<\/div><\/div>\n\n\n\n<p>Toltorp \u00e4r en by bel\u00e4gen vid den lilla sj\u00f6n <a href=\"https:\/\/sv.wikipedia.org\/wiki\/Brosj\u00f6n_(Skedevi_socken,_\u00d6sterg\u00f6tland)\">Brosj\u00f6n<\/a>, p\u00e5 gr\u00e4nsen mellan S\u00f6dermanland och \u00d6sterg\u00f6tland 1,5 mil sydv\u00e4st om Katrineholm. Brosj\u00f6n mynnar ut i <a href=\"https:\/\/sv.wikipedia.org\/wiki\/Tisnaren\">Tisnaren<\/a>, en av de st\u00f6rre sj\u00f6arna i n\u00e4romr\u00e5det med fantastiska m\u00f6jligheter till friluftsliv, inklusive fiske, kanotpaddling och camping.<\/p>\n\n\n\n<p>I Toltorp samsas pittoreska sommarstugeomr\u00e5den med 1800-talstorp, h\u00e4stg\u00e5rdar, moderna villor och n\u00e5gon enstaka alpackag\u00e5rd. I byn finns anslutning till fiberbredband och kommunalt VA. Asfalt \u00e5terfinns endast sporadiskt och gatubelysning lyser helt med sin fr\u00e5nvaro.<\/p>\n","protected":false},"excerpt":{"rendered":"<p>Toltorp \u00e4r en by bel\u00e4gen vid den lilla sj\u00f6n Brosj\u00f6n, p\u00e5 gr\u00e4nsen mellan S\u00f6dermanland och \u00d6sterg\u00f6tland 1,5 mil sydv\u00e4st om Katrineholm. Brosj\u00f6n mynnar ut i Tisnaren, en av de st\u00f6rre sj\u00f6arna i n\u00e4romr\u00e5det med fantastiska m\u00f6jligheter till friluftsliv, inklusive fiske, kanotpaddling och camping. I Toltorp samsas pittoreska sommarstugeomr\u00e5den med 1800-talstorp, h\u00e4stg\u00e5rdar, moderna villor och n\u00e5gon [&hellip;]<\/p>\n","protected":false},"author":1,"featured_media":0,"parent":0,"menu_order":0,"comment_status":"closed","ping_status":"closed","template":"","meta":{"footnotes":""},"class_list":["post-13","page","type-page","status-publish","hentry"],"_links":{"self":[{"href":"https:\/\/toltorp.se\/index.php?rest_route=\/wp\/v2\/pages\/13","targetHints":{"allow":["GET"]}}],"collection":[{"href":"https:\/\/toltorp.se\/index.php?rest_route=\/wp\/v2\/pages"}],"about":[{"href":"https:\/\/toltorp.se\/index.php?rest_route=\/wp\/v2\/types\/page"}],"author":[{"embeddable":true,"href":"https:\/\/toltorp.se\/index.php?rest_route=\/wp\/v2\/users\/1"}],"replies":[{"embeddable":true,"href":"https:\/\/toltorp.se\/index.php?rest_route=%2Fwp%2Fv2%2Fcomments&post=13"}],"version-history":[{"count":1,"href":"https:\/\/toltorp.se\/index.php?rest_route=\/wp\/v2\/pages\/13\/revisions"}],"predecessor-version":[{"id":125,"href":"https:\/\/toltorp.se\/index.php?rest_route=\/wp\/v2\/pages\/13\/revisions\/125"}],"wp:attachment":[{"href":"https:\/\/toltorp.se\/index.php?rest_route=%2Fwp%2Fv2%2Fmedia&parent=13"}],"curies":[{"name":"wp","href":"https:\/\/api.w.org\/{rel}","templated":true}]}}